{"id":1326,"date":"2021-03-18T05:09:15","date_gmt":"2021-03-18T05:09:15","guid":{"rendered":"https:\/\/lacienciaencorto.mx\/?page_id=1326"},"modified":"2022-10-12T01:54:10","modified_gmt":"2022-10-12T01:54:10","slug":"divulgadores-cientificos","status":"publish","type":"page","link":"https:\/\/lacienciaencorto.mx\/index.php\/divulgadores-cientificos\/","title":{"rendered":"Comit\u00e9 Editorial"},"content":{"rendered":"\n<p style=\"font-size:21px\">Ingresa tus datos y participa con nosotros como divulgador cient\u00edfico en nuestra p\u00e1gina web y eventos acad\u00e9micos. <\/p>\n\n\n\n<div class=\"wp-block-buttons is-layout-flex wp-block-buttons-is-layout-flex\">\n<div class=\"wp-block-button\"><a class=\"wp-block-button__link has-background\" href=\"https:\/\/lacienciaencorto.mx\/index.php\/divulgadores-cientificos-2\" style=\"background-color:#7cbf17\">Inscr\u00edbirme<\/a><\/div>\n<\/div>\n","protected":false},"excerpt":{"rendered":"<p>Ingresa tus datos y participa con nosotros como divulgador cient\u00edfico en nuestra p\u00e1gina web y eventos acad\u00e9micos.<\/p>\n","protected":false},"author":1,"featured_media":0,"parent":0,"menu_order":0,"comment_status":"closed","ping_status":"closed","template":"","meta":{"site-sidebar-layout":"default","site-content-layout":"default","ast-site-content-layout":"","site-content-style":"default","site-sidebar-style":"default","ast-global-header-display":"","ast-banner-title-visibility":"","ast-main-header-display":"","ast-hfb-above-header-display":"","ast-hfb-below-header-display":"","ast-hfb-mobile-header-display":"","site-post-title":"","ast-breadcrumbs-content":"","ast-featured-img":"","footer-sml-layout":"","theme-transparent-header-meta":"default","adv-header-id-meta":"","stick-header-meta":"","header-above-stick-meta":"","header-main-stick-meta":"","header-below-stick-meta":"","astra-migrate-meta-layouts":"default","ast-page-background-enabled":"default","ast-page-background-meta":{"desktop":{"background-color":"var(--ast-global-color-4)","background-image":"","background-repeat":"repeat","background-position":"center center","background-size":"auto","background-attachment":"scroll","background-type":"","background-media":"","overlay-type":"","overlay-color":"","overlay-opacity":"","overlay-gradient":""},"tablet":{"background-color":"","background-image":"","background-repeat":"repeat","background-position":"center center","background-size":"auto","background-attachment":"scroll","background-type":"","background-media":"","overlay-type":"","overlay-color":"","overlay-opacity":"","overlay-gradient":""},"mobile":{"background-color":"","background-image":"","background-repeat":"repeat","background-position":"center center","background-size":"auto","background-attachment":"scroll","background-type":"","background-media":"","overlay-type":"","overlay-color":"","overlay-opacity":"","overlay-gradient":""}},"ast-content-background-meta":{"desktop":{"background-color":"var(--ast-global-color-5)","background-image":"","background-repeat":"repeat","background-position":"center center","background-size":"auto","background-attachment":"scroll","background-type":"","background-media":"","overlay-type":"","overlay-color":"","overlay-opacity":"","overlay-gradient":""},"tablet":{"background-color":"var(--ast-global-color-5)","background-image":"","background-repeat":"repeat","background-position":"center center","background-size":"auto","background-attachment":"scroll","background-type":"","background-media":"","overlay-type":"","overlay-color":"","overlay-opacity":"","overlay-gradient":""},"mobile":{"background-color":"var(--ast-global-color-5)","background-image":"","background-repeat":"repeat","background-position":"center center","background-size":"auto","background-attachment":"scroll","background-type":"","background-media":"","overlay-type":"","overlay-color":"","overlay-opacity":"","overlay-gradient":""}},"footnotes":""},"class_list":["post-1326","page","type-page","status-publish","hentry"],"yoast_head":"<!-- This site is optimized with the Yoast SEO plugin v25.6 - https:\/\/yoast.com\/wordpress\/plugins\/seo\/ -->\n<title>Comit\u00e9 Editorial -<\/title>\n<meta name=\"robots\" content=\"index, follow, max-snippet:-1, max-image-preview:large, max-video-preview:-1\" \/>\n<link rel=\"canonical\" href=\"https:\/\/lacienciaencorto.mx\/index.php\/divulgadores-cientificos\/\" \/>\n<meta property=\"og:locale\" content=\"es_ES\" \/>\n<meta property=\"og:type\" content=\"article\" \/>\n<meta property=\"og:title\" content=\"Comit\u00e9 Editorial -\" \/>\n<meta property=\"og:description\" content=\"Ingresa tus datos y participa con nosotros como divulgador cient\u00edfico en nuestra p\u00e1gina web y eventos acad\u00e9micos.\" \/>\n<meta property=\"og:url\" content=\"https:\/\/lacienciaencorto.mx\/index.php\/divulgadores-cientificos\/\" \/>\n<meta property=\"article:publisher\" content=\"https:\/\/www.facebook.com\/lacienciaencortomx\" \/>\n<meta property=\"article:modified_time\" content=\"2022-10-12T01:54:10+00:00\" \/>\n<meta name=\"twitter:card\" content=\"summary_large_image\" \/>\n<meta name=\"twitter:site\" content=\"@CienciaCorto\" \/>\n<script type=\"application\/ld+json\" class=\"yoast-schema-graph\">{\"@context\":\"https:\/\/schema.org\",\"@graph\":[{\"@type\":\"WebPage\",\"@id\":\"https:\/\/lacienciaencorto.mx\/index.php\/divulgadores-cientificos\/\",\"url\":\"https:\/\/lacienciaencorto.mx\/index.php\/divulgadores-cientificos\/\",\"name\":\"Comit\u00e9 Editorial -\",\"isPartOf\":{\"@id\":\"https:\/\/lacienciaencorto.mx\/#website\"},\"datePublished\":\"2021-03-18T05:09:15+00:00\",\"dateModified\":\"2022-10-12T01:54:10+00:00\",\"breadcrumb\":{\"@id\":\"https:\/\/lacienciaencorto.mx\/index.php\/divulgadores-cientificos\/#breadcrumb\"},\"inLanguage\":\"es\",\"potentialAction\":[{\"@type\":\"ReadAction\",\"target\":[\"https:\/\/lacienciaencorto.mx\/index.php\/divulgadores-cientificos\/\"]}]},{\"@type\":\"BreadcrumbList\",\"@id\":\"https:\/\/lacienciaencorto.mx\/index.php\/divulgadores-cientificos\/#breadcrumb\",\"itemListElement\":[{\"@type\":\"ListItem\",\"position\":1,\"name\":\"Home\",\"item\":\"https:\/\/lacienciaencorto.mx\/\"},{\"@type\":\"ListItem\",\"position\":2,\"name\":\"Comit\u00e9 Editorial\"}]},{\"@type\":\"WebSite\",\"@id\":\"https:\/\/lacienciaencorto.mx\/#website\",\"url\":\"https:\/\/lacienciaencorto.mx\/\",\"name\":\"\",\"description\":\"Divulgaci\u00f3n e Impulso a las Vocaciones Cient\u00edficas\",\"potentialAction\":[{\"@type\":\"SearchAction\",\"target\":{\"@type\":\"EntryPoint\",\"urlTemplate\":\"https:\/\/lacienciaencorto.mx\/?s={search_term_string}\"},\"query-input\":{\"@type\":\"PropertyValueSpecification\",\"valueRequired\":true,\"valueName\":\"search_term_string\"}}],\"inLanguage\":\"es\"}]}<\/script>\n<!-- \/ Yoast SEO plugin. -->","yoast_head_json":{"title":"Comit\u00e9 Editorial -","robots":{"index":"index","follow":"follow","max-snippet":"max-snippet:-1","max-image-preview":"max-image-preview:large","max-video-preview":"max-video-preview:-1"},"canonical":"https:\/\/lacienciaencorto.mx\/index.php\/divulgadores-cientificos\/","og_locale":"es_ES","og_type":"article","og_title":"Comit\u00e9 Editorial -","og_description":"Ingresa tus datos y participa con nosotros como divulgador cient\u00edfico en nuestra p\u00e1gina web y eventos acad\u00e9micos.","og_url":"https:\/\/lacienciaencorto.mx\/index.php\/divulgadores-cientificos\/","article_publisher":"https:\/\/www.facebook.com\/lacienciaencortomx","article_modified_time":"2022-10-12T01:54:10+00:00","twitter_card":"summary_large_image","twitter_site":"@CienciaCorto","schema":{"@context":"https:\/\/schema.org","@graph":[{"@type":"WebPage","@id":"https:\/\/lacienciaencorto.mx\/index.php\/divulgadores-cientificos\/","url":"https:\/\/lacienciaencorto.mx\/index.php\/divulgadores-cientificos\/","name":"Comit\u00e9 Editorial -","isPartOf":{"@id":"https:\/\/lacienciaencorto.mx\/#website"},"datePublished":"2021-03-18T05:09:15+00:00","dateModified":"2022-10-12T01:54:10+00:00","breadcrumb":{"@id":"https:\/\/lacienciaencorto.mx\/index.php\/divulgadores-cientificos\/#breadcrumb"},"inLanguage":"es","potentialAction":[{"@type":"ReadAction","target":["https:\/\/lacienciaencorto.mx\/index.php\/divulgadores-cientificos\/"]}]},{"@type":"BreadcrumbList","@id":"https:\/\/lacienciaencorto.mx\/index.php\/divulgadores-cientificos\/#breadcrumb","itemListElement":[{"@type":"ListItem","position":1,"name":"Home","item":"https:\/\/lacienciaencorto.mx\/"},{"@type":"ListItem","position":2,"name":"Comit\u00e9 Editorial"}]},{"@type":"WebSite","@id":"https:\/\/lacienciaencorto.mx\/#website","url":"https:\/\/lacienciaencorto.mx\/","name":"","description":"Divulgaci\u00f3n e Impulso a las Vocaciones Cient\u00edficas","potentialAction":[{"@type":"SearchAction","target":{"@type":"EntryPoint","urlTemplate":"https:\/\/lacienciaencorto.mx\/?s={search_term_string}"},"query-input":{"@type":"PropertyValueSpecification","valueRequired":true,"valueName":"search_term_string"}}],"inLanguage":"es"}]}},"_links":{"self":[{"href":"https:\/\/lacienciaencorto.mx\/index.php\/wp-json\/wp\/v2\/pages\/1326","targetHints":{"allow":["GET"]}}],"collection":[{"href":"https:\/\/lacienciaencorto.mx\/index.php\/wp-json\/wp\/v2\/pages"}],"about":[{"href":"https:\/\/lacienciaencorto.mx\/index.php\/wp-json\/wp\/v2\/types\/page"}],"author":[{"embeddable":true,"href":"https:\/\/lacienciaencorto.mx\/index.php\/wp-json\/wp\/v2\/users\/1"}],"replies":[{"embeddable":true,"href":"https:\/\/lacienciaencorto.mx\/index.php\/wp-json\/wp\/v2\/comments?post=1326"}],"version-history":[{"count":10,"href":"https:\/\/lacienciaencorto.mx\/index.php\/wp-json\/wp\/v2\/pages\/1326\/revisions"}],"predecessor-version":[{"id":2083,"href":"https:\/\/lacienciaencorto.mx\/index.php\/wp-json\/wp\/v2\/pages\/1326\/revisions\/2083"}],"wp:attachment":[{"href":"https:\/\/lacienciaencorto.mx\/index.php\/wp-json\/wp\/v2\/media?parent=1326"}],"curies":[{"name":"wp","href":"https:\/\/api.w.org\/{rel}","templated":true}]}}